{"id":2,"date":"2016-05-10T03:48:21","date_gmt":"2016-05-10T03:48:21","guid":{"rendered":"http:\/\/hcmv.de\/?page_id=2"},"modified":"2023-11-08T13:35:31","modified_gmt":"2023-11-08T13:35:31","slug":"sample-page","status":"publish","type":"page","link":"https:\/\/hcmv.de\/","title":{"rendered":"Virex II"},"content":{"rendered":"<p class=\"entry-title\" style=\"text-align: left;\"><strong>For further information in English please use<em>:<a href=\"http:\/\/www.hcmv-english.de\"><img loading=\"lazy\" decoding=\"async\" class=\" wp-image-61 alignleft\" src=\"https:\/\/hcmv.de\/wp-content\/uploads\/2022\/10\/Flagge-300x200.png\" alt=\"\" width=\"66\" height=\"44\" srcset=\"https:\/\/hcmv.de\/wp-content\/uploads\/2022\/10\/Flagge-300x200.png 300w, https:\/\/hcmv.de\/wp-content\/uploads\/2022\/10\/Flagge.png 304w\" sizes=\"auto, (max-width: 66px) 100vw, 66px\" \/><\/a><br \/>\n<span style=\"font-size: inherit;\">\u00a0 \u00a0<\/span><\/em><em><span style=\"font-size: inherit;\">\u00a0<\/span><\/em><em><a style=\"font-size: inherit;\" href=\"http:\/\/www.hcmv-english.de\/\" target=\"_blank\" rel=\"noopener noreferrer\">http:\/\/www.hcmv-english.de<\/a><\/em><\/strong><\/p>\n<div class=\"entry-content\">\n<p style=\"text-align: left;\">In Kooperation mit dem Institut f\u00fcr Medizinische Virologie des Universit\u00e4tsklinikums T\u00fcbingen, der Abteilung f\u00fcr Neonatologie der Universit\u00e4ts-Kinderklinik T\u00fcbingen, sowie der Fa. Klaus Lauf, Medizintechnik und Sonderbau und der Fa. Virex GmbH wurde das Ger\u00e4t\u00a0<b><i>Virex II<\/i><\/b>, um Muttermilch einfach und schnell derart zu behandeln, dass humanes Cytomegalovirus (HCMV) zuverl\u00e4ssig inaktiviert wird und sonstige Inhaltsstoffe der Milch, wie Proteine und Enzyme m\u00f6glichst ihre Aktivit\u00e4t erhalten, bzw. nicht denaturieren. Die Weiterentwicklung der <b><i>Version V <\/i><\/b>hat zus\u00e4tzlich die Funktion der Pasteurisierung der Muttermilch. Die Verarbeitung kleiner Milchvolumina erfolgt unter Ber\u00fccksichtigung g\u00e4ngiger Hygienestandards.<\/p>\n<figure id=\"attachment_37\" class=\"wp-caption aligncenter\" style=\"width: 383px;\"><img loading=\"lazy\" decoding=\"async\" class=\"alignnone wp-image-72 \" src=\"https:\/\/hcmv.de\/wp-content\/uploads\/2023\/11\/VirexIIV5_Ansicht_Vorne-300x243.png\" alt=\"\" width=\"383\" height=\"311\" srcset=\"https:\/\/hcmv.de\/wp-content\/uploads\/2023\/11\/VirexIIV5_Ansicht_Vorne-300x243.png 300w, https:\/\/hcmv.de\/wp-content\/uploads\/2023\/11\/VirexIIV5_Ansicht_Vorne-1024x830.png 1024w, https:\/\/hcmv.de\/wp-content\/uploads\/2023\/11\/VirexIIV5_Ansicht_Vorne-768x623.png 768w, https:\/\/hcmv.de\/wp-content\/uploads\/2023\/11\/VirexIIV5_Ansicht_Vorne-1536x1246.png 1536w, https:\/\/hcmv.de\/wp-content\/uploads\/2023\/11\/VirexIIV5_Ansicht_Vorne-2048x1661.png 2048w\" sizes=\"auto, (max-width: 383px) 100vw, 383px\" \/><\/figure>\n<p>Die einfache \u00a0Handhabung des Ger\u00e4tes im klinischen Alltag auf Fr\u00fch- und Neugeborenenstationen erleichtert den schnellen und routinem\u00e4\u00dfigen Einsatz. In einer Gesamtzeit von nur etwa 90 &#8211; 120 Sekunden, 120 &#8211; 240 Sekunden bei der Pasteurisierung, \u00a0ist die Behandlung mittels einer Kurzzeithitzebehandlung absolut zuverl\u00e4ssig abgeschlossen. Alle individuellen Inaktivierungsschritte werden f\u00fcr 2 Jahre gespeichert und sind im Nachgang aufrufbar.<\/p>\n<\/div>\n","protected":false},"excerpt":{"rendered":"<p>For further information in English please use: \u00a0 \u00a0\u00a0http:\/\/www.hcmv-english.de In Kooperation mit dem Institut f\u00fcr Medizinische Virologie des Universit\u00e4tsklinikums T\u00fcbingen, der Abteilung f\u00fcr Neonatologie der Universit\u00e4ts-Kinderklinik T\u00fcbingen, sowie der Fa. Klaus Lauf, Medizintechnik und Sonderbau und der Fa. Virex GmbH wurde das Ger\u00e4t\u00a0Virex II, um Muttermilch einfach und schnell derart zu behandeln, dass humanes Cytomegalovirus &hellip; <\/p>\n<p class=\"link-more\"><a href=\"https:\/\/hcmv.de\/\" class=\"more-link\"><span class=\"screen-reader-text\">\u201eVirex II\u201c<\/span> weiterlesen<\/a><\/p>\n","protected":false},"author":1,"featured_media":0,"parent":0,"menu_order":0,"comment_status":"closed","ping_status":"open","template":"","meta":{"footnotes":""},"class_list":["post-2","page","type-page","status-publish","hentry"],"_links":{"self":[{"href":"https:\/\/hcmv.de\/index.php?rest_route=\/wp\/v2\/pages\/2","targetHints":{"allow":["GET"]}}],"collection":[{"href":"https:\/\/hcmv.de\/index.php?rest_route=\/wp\/v2\/pages"}],"about":[{"href":"https:\/\/hcmv.de\/index.php?rest_route=\/wp\/v2\/types\/page"}],"author":[{"embeddable":true,"href":"https:\/\/hcmv.de\/index.php?rest_route=\/wp\/v2\/users\/1"}],"replies":[{"embeddable":true,"href":"https:\/\/hcmv.de\/index.php?rest_route=%2Fwp%2Fv2%2Fcomments&post=2"}],"version-history":[{"count":14,"href":"https:\/\/hcmv.de\/index.php?rest_route=\/wp\/v2\/pages\/2\/revisions"}],"predecessor-version":[{"id":73,"href":"https:\/\/hcmv.de\/index.php?rest_route=\/wp\/v2\/pages\/2\/revisions\/73"}],"wp:attachment":[{"href":"https:\/\/hcmv.de\/index.php?rest_route=%2Fwp%2Fv2%2Fmedia&parent=2"}],"curies":[{"name":"wp","href":"https:\/\/api.w.org\/{rel}","templated":true}]}}